{"id":411,"date":"2022-12-04T10:01:27","date_gmt":"2022-12-04T09:01:27","guid":{"rendered":"https:\/\/anarche.synology.me\/?page_id=411"},"modified":"2024-12-01T20:47:03","modified_gmt":"2024-12-01T19:47:03","slug":"sauvegarde-activeast","status":"publish","type":"page","link":"https:\/\/cedlabombe.fr\/?page_id=411","title":{"rendered":"Sauvegarde ActivEast"},"content":{"rendered":"<p>Courant 2020, le site am\u00e9ricain WordPress, h\u00e9bergeur de blogs gratuits, a censur\u00e9 unilat\u00e9ralement mes 8 blogs \/ sites qui constituaient le r\u00e9seau de sites de r\u00e9information ActivEast (<a href=\"http:\/\/activeast.free.fr\" target=\"_blank\" rel=\"noopener\">http:\/\/activeast.free.fr<\/a>).<\/p>\n<p>Il s&rsquo;agissait de la retranscription d&rsquo;une partie de mon activit\u00e9 passionnante de recherche d&rsquo;informations vari\u00e9es, plus ou moins occult\u00e9es. Ce travail \u00e9tait r\u00e9parti sur plusieurs sites sp\u00e9cialis\u00e9s, comme par exemple le site \u00ab\u00a0Antibanque\u00a0\u00bb proposant une partie \u00ab\u00a0base de donn\u00e9es\u00a0\u00bb sur le syst\u00e8me bancaire, et une partie \u00ab\u00a0actualit\u00e9\u00a0\u00bb du monde de la finance.<br \/>\nIl y avait aussi une revue de presse, un blog d&rsquo;expression politique, une base de donn\u00e9es sur la franc-ma\u00e7onnerie, une autre sur la p\u00e9dophilie en bande organis\u00e9e, un autre sp\u00e9cialis\u00e9 en citations, d&rsquo;autres, orient\u00e9s plus \u00ab\u00a0positif\u00a0\u00bb, dont l&rsquo;un sp\u00e9cialis\u00e9 en solutions concr\u00e8tes, un autre en psychologie\/spiritualit\u00e9 (rien de ol\u00e9 ol\u00e9, je pr\u00e9cise !).<br \/>\nMais le c\u0153ur nucl\u00e9aire et le gros du travail \u00e9tait le site <em><strong>L&rsquo;Amer Dessous des cartes<\/strong><\/em>, une grosse base de recherche compos\u00e9e de dossiers volumineux sur des sujets donn\u00e9s.<\/p>\n<p>Apr\u00e8s moult recherches et tentatives pour recr\u00e9er ce microcosme de sites web, de mani\u00e8re auto-h\u00e9berg\u00e9e cette fois,\u00a0 sur la base de sauvegardes r\u00e9alis\u00e9es \u00e0 l&rsquo;\u00e9poque, mais faute de connaissances suffisantes et de solution concr\u00e8te, je suis pass\u00e9 \u00e0 autre chose entre-temps.<\/p>\n<p>Apr\u00e8s deux ans de stagnation, l&rsquo;envie de m&rsquo;y remettre* me conduit \u00e0 me lancer, de mani\u00e8re d\u00e9sorganis\u00e9e mais effective. Je compte republier, un par un, des articles\/dossiers que je juge importants, en les h\u00e9bergeant directement sur ce blog perso h\u00e9berg\u00e9 dans mon salon sur un serveur personnel.<\/p>\n<p>Ces publications apparaitront ici pour le moment, \u00e0 d\u00e9faut d&rsquo;une meilleure structuration : <a href=\"https:\/\/anarche.synology.me\/?cat=5\"><strong>Liste des articles remis en ligne<\/strong><\/a><em><br \/>\n(Attention, tenez-compte du fait que tous les liens cliquables -ou presque- renvoient encore vers les autres dossiers de l&rsquo;\u00e9poque, et donc ne m\u00e8nent nul part, \u00e0 ce jour)<\/em><\/p>\n<p>Vous pouvez cependant et <em>d\u00e8s maintenant<\/em>, <strong><a href=\"https:\/\/gofile.me\/3f1ET\/MNkchNm8W\" target=\"_blank\" rel=\"noopener\">t\u00e9l\u00e9charger l&rsquo;int\u00e9gralit\u00e9 des articles et dossiers<\/a><\/strong> <strong>(mot de passe : <em>savoir<\/em>)<\/strong> de tous les sites, sous forme de fichiers html (et de leurs dossiers images rattach\u00e9s) \u00e0 ouvrir via votre navigateur. Vous retrouverez (parfois) la pr\u00e9sentation d&rsquo;alors, avec le graphisme initial des sites, leur structure de menus, mais idem, tous les liens seront invalides. Mais les dossiers seront tous pr\u00e9sents dans ces archives, \u00e0 vous de les retrouver.<\/p>\n<hr \/>\n<p>* un email re\u00e7u le lendemain du jour ou je reprends les sauvegardes et republie un premier article me fait dire qu&rsquo;il y a de singuli\u00e8res synchronicit\u00e9s\/co\u00efncidences assez \u00e9tonnantes :<\/p>\n<blockquote>\n<div dir=\"ltr\" data-setdir=\"false\"><span style=\"color: #33cccc;\">Bonjour,<\/span><\/div>\n<div dir=\"ltr\" data-setdir=\"false\"><\/div>\n<div dir=\"ltr\" data-setdir=\"false\"><span style=\"color: #33cccc;\">J&rsquo;ai beaucoup appr\u00e9ci\u00e9 par le pass\u00e9 votre excellent site L&rsquo;Amer Dessous des Cartes ainsi que Antibanque, dont j&rsquo;ai d\u00e9couvert avec stupeur la censure il y a 2 ans.<\/span><\/div>\n<div dir=\"ltr\" data-setdir=\"false\"><span style=\"color: #33cccc;\">Je regrette \u00e9norm\u00e9ment de ne plus pouvoir y acc\u00e9der, et d&rsquo;en partager les infos avec des personnes qui, autour de moi, ouvrent ENFIN les yeux.<\/span><\/div>\n<div dir=\"ltr\" data-setdir=\"false\"><span style=\"color: #33cccc;\">Je vous remercie pour tout ce travail de recherche, de compilation et de classement fait par vos soins dont j&rsquo;ai profit\u00e9 nagu\u00e8re et souhaiterais savoir si vous auriez partag\u00e9\/sauvegard\u00e9 ailleurs sur le Web toutes ces informations ?<\/span><\/div>\n<div dir=\"ltr\" data-setdir=\"false\"><\/div>\n<div dir=\"ltr\" data-setdir=\"false\"><span style=\"color: #33cccc;\">Un tr\u00e8s grand merci de votre retour si d&rsquo;aventures ce courriel devait vous parvenir.<\/span><\/div>\n<div dir=\"ltr\" data-setdir=\"false\"><\/div>\n<div dir=\"ltr\" data-setdir=\"false\"><span style=\"color: #33cccc;\">Bien cordialement,<\/span><\/div>\n<div dir=\"ltr\" data-setdir=\"false\"><\/div>\n<div dir=\"ltr\" data-setdir=\"false\"><span style=\"color: #33cccc;\"><span style=\"color: #33cccc;\">AC K.<\/span><\/span><\/div>\n<\/blockquote>\n<div dir=\"ltr\" data-setdir=\"false\">\n<hr \/>\n<ul>\n<li><strong><a href=\"https:\/\/cedlabombe.fr\/?page_id=232\/?cat=5\">Articles re-publi\u00e9s en ligne<\/a><\/strong> (en cours, \u00e0 venir pour 2023)<\/li>\n<li><a href=\"https:\/\/gofile.me\/3f1ET\/MNkchNm8W\"><strong>T\u00e9l\u00e9charger les sauvegardes int\u00e9grales des sites<\/strong><\/a> (mot de passe : savoir)<\/li>\n<li><strong><a href=\"https:\/\/www.win-rar.com\/start.html?&amp;L=10\" target=\"_blank\" rel=\"noopener\">T\u00e9l\u00e9charger winrar<\/a><\/strong> pour d\u00e9compresser les archives [clic droit sur l&rsquo;archive .RAR &gt; dans le menu menu d\u00e9roulant, s\u00e9lectionner \u00ab\u00a0<em>Winrar<\/em>\u00a0\u00bb &gt; s\u00e9lectionner \u00ab\u00a0<em>extraire vers<\/em> (nom du dossier)\u00a0\u00bb]<\/li>\n<\/ul>\n<\/div>\n","protected":false},"excerpt":{"rendered":"<p>Courant 2020, le site am\u00e9ricain WordPress, h\u00e9bergeur de blogs gratuits, a censur\u00e9 unilat\u00e9ralement mes 8 blogs \/ sites qui constituaient le r\u00e9seau de sites de r\u00e9information ActivEast (http:\/\/activeast.free.fr). Il s&rsquo;agissait de la retranscription d&rsquo;une partie de mon activit\u00e9 passionnante de recherche d&rsquo;informations vari\u00e9es, plus ou moins occult\u00e9es. Ce travail \u00e9tait r\u00e9parti sur plusieurs sites sp\u00e9cialis\u00e9s, &hellip; <\/p>\n<p class=\"link-more\"><a href=\"https:\/\/cedlabombe.fr\/?page_id=411\" class=\"more-link\">Continuer la lecture<span class=\"screen-reader-text\"> de &laquo;&nbsp;Sauvegarde ActivEast&nbsp;&raquo;<\/span><\/a><\/p>\n","protected":false},"author":1,"featured_media":413,"parent":0,"menu_order":0,"comment_status":"closed","ping_status":"closed","template":"","meta":[],"_links":{"self":[{"href":"https:\/\/cedlabombe.fr\/index.php?rest_route=\/wp\/v2\/pages\/411"}],"collection":[{"href":"https:\/\/cedlabombe.fr\/index.php?rest_route=\/wp\/v2\/pages"}],"about":[{"href":"https:\/\/cedlabombe.fr\/index.php?rest_route=\/wp\/v2\/types\/page"}],"author":[{"embeddable":true,"href":"https:\/\/cedlabombe.fr\/index.php?rest_route=\/wp\/v2\/users\/1"}],"replies":[{"embeddable":true,"href":"https:\/\/cedlabombe.fr\/index.php?rest_route=%2Fwp%2Fv2%2Fcomments&post=411"}],"version-history":[{"count":12,"href":"https:\/\/cedlabombe.fr\/index.php?rest_route=\/wp\/v2\/pages\/411\/revisions"}],"predecessor-version":[{"id":518,"href":"https:\/\/cedlabombe.fr\/index.php?rest_route=\/wp\/v2\/pages\/411\/revisions\/518"}],"wp:featuredmedia":[{"embeddable":true,"href":"https:\/\/cedlabombe.fr\/index.php?rest_route=\/wp\/v2\/media\/413"}],"wp:attachment":[{"href":"https:\/\/cedlabombe.fr\/index.php?rest_route=%2Fwp%2Fv2%2Fmedia&parent=411"}],"curies":[{"name":"wp","href":"https:\/\/api.w.org\/{rel}","templated":true}]}}