{"id":253,"date":"2020-05-03T11:41:05","date_gmt":"2020-05-03T09:41:05","guid":{"rendered":"https:\/\/anarche.synology.me\/?page_id=253"},"modified":"2024-11-30T13:02:06","modified_gmt":"2024-11-30T12:02:06","slug":"activeast","status":"publish","type":"page","link":"https:\/\/cedlabombe.fr\/?page_id=253","title":{"rendered":"ActivEast"},"content":{"rendered":"<h4><img loading=\"lazy\" class=\"alignleft size-thumbnail\" src=\"https:\/\/cedlabombe.fr\/wp-content\/uploads\/2019\/02\/1FLAMME.gif\" width=\"240\" height=\"141\" \/>Apr\u00e8s des ann\u00e9es exclusivement orient\u00e9es vers les f\u00eates libres d\u00e9but 2000, le sound syst\u00e8me prend part r\u00e9guli\u00e8rement \u00e0 des \u00e9v\u00e8nements politiques. Arm\u00e9s de baffles, ou par internet, il s&rsquo;agit alors de se bouger les miches pour lutter contre les injustices.<\/h4>\n<h2>Systematek \/ 1surek&rsquo;Son, transi&rsquo;son<\/h2>\n<p><em>Nous avons sonoris\u00e9 quelques manifestations (inter)nationales avec nos camions sono, comme l\u2019<a href=\"http:\/\/extremeast.free.fr\/otan2009\/\" target=\"_blank\" rel=\"noopener noreferrer\">anti Otan de Strasbourg en 2009<\/a>, l\u2019<a href=\"http:\/\/systematek.web.free.fr\/reports\/g8\/raf_g8.htm\" target=\"_blank\" rel=\"noopener noreferrer\">anti G8 \u00e0 Heiligendamm<\/a> en 2007, la m\u00e9ga manif des <a href=\"http:\/\/activeast.free.fr\/15o-bruxelles.htm\" target=\"_blank\" rel=\"noopener noreferrer\">Indign\u00e9s \u00e0 Bruxelles en 2011<\/a>,\u00a0des manifs parisiennes avec les copains Insoumis de la teKno (comme le <a href=\"http:\/\/systematek.web.free.fr\/reports\/1er_mai_2006_paris.htm#manif\" target=\"_blank\" rel=\"noopener noreferrer\">Joyeux merdier Social de 2006<\/a>) (ou celle, <a href=\"http:\/\/systematek.web.free.fr\/reports\/european_manifestation.htm\" target=\"_blank\" rel=\"noopener noreferrer\">europ\u00e9enne, de 2006 \u00e0 Strasbourg<\/a>) ou <a href=\"http:\/\/activeast.free.fr\/sonomobile.htm\" target=\"_blank\" rel=\"noopener noreferrer\">d\u2019autres plus locales<\/a> (\u2026)<\/em><\/p>\n<h2>Activeast, base de recherches autonome<br \/>\n[2011-2017]<\/h2>\n<h4>Dans mon coin, j&rsquo;entame une active p\u00e9riode d&rsquo;environ cinq ann\u00e9es de recherches, qui deviendront intensives lors de l&rsquo;arr\u00eat du sound syst\u00e8me en 2011<\/h4>\n<p><img loading=\"lazy\" class=\"size-full wp-image-65 alignleft\" src=\"https:\/\/cedlabombe.fr\/wp-content\/uploads\/2018\/01\/ae-flag.gif\" alt=\"\" width=\"245\" height=\"88\" \/><\/p>\n<p><em>Une dizaine de sites web mont\u00e9s et g\u00e9r\u00e9s par mes soins, pour approfondir des th\u00e9matiques que j\u2019ai jug\u00e9 importantes de conna\u00eetre. Autours de lectures, et de recherches par internet : un \u00ab\u00a0archivisme\u00a0\u00bb multisupport fr\u00e9n\u00e9tique avec une biblioth\u00e8que de pr\u00e8s de 250 ouvrages, des sites web, ainsi qu\u2019un serveur priv\u00e9 donnant acc\u00e8s \u00e0 des vid\u00e9os th\u00e9matiques parfois introuvables ailleurs.<\/em><\/p>\n<p>Apr\u00e8s cinq ann\u00e9es de bons et loyaux services b\u00e9n\u00e9voles envers les internautes, je prends du recul tout en laissant l\u2019acc\u00e8s au fruit d\u2019un incessant travail de recherches et de retranscription d\u2019informations.<\/p>\n<hr \/>\n<p>[EDIT 26 Juin 2020] <span style=\"color: #ff0000;\"><strong>Censure<\/strong><\/span><\/p>\n<div id=\"js_b\" class=\"_5pbx userContent _3576\" data-testid=\"post_message\" data-ft=\"{&quot;tn&quot;:&quot;K&quot;}\">\n<p><strong><em>Les 8 blogs WordPress, qui composaient le c\u0153ur du r\u00e9seau Activeast [<a href=\"http:\/\/activeast.free.fr\/?fbclid=IwAR0yNeRylJBiKZFhD0JmpNWwAivuOADf29onBvkgBRIvsyhKnbIqXF_Og3w\" target=\"_blank\" rel=\"noopener nofollow noreferrer\" data-ft=\"{&quot;tn&quot;:&quot;-U&quot;}\" data-lynx-mode=\"asynclazy\" data-lynx-uri=\"https:\/\/l.facebook.com\/l.php?u=http%3A%2F%2Factiveast.free.fr%2F%3Ffbclid%3DIwAR0yNeRylJBiKZFhD0JmpNWwAivuOADf29onBvkgBRIvsyhKnbIqXF_Og3w&amp;h=AT1zs6m2CFad_jTgaEbw4atFP8U2mF4Dbn0Mmqa6m4RZx40Qud8ysErvqJxEI2GtECQjzFuW6yhgM0s-6N7S1i7Whotapjs8MOWHytX1Ag4B0-D42l2EgkE8P-2jHVUC0AVt1A1eJi82oEeDdXZ8yveVE7vZn-jm\">http:\/\/activeast.free.fr<\/a>], tous h\u00e9berg\u00e9s chez <a href=\"https:\/\/l.facebook.com\/l.php?u=https%3A%2F%2Fwordpress.com%2F%3Ffbclid%3DIwAR3wuZpz_hgju1L4pQ7mLaIzbyEG-mHjvreALtTrNisg0VdPG7YM8Rp9Jo4&amp;h=AT1YcmozYto6BUj2Uk5kQymY7K38KI5Kmh0grgn6jqc1YHFneT4USPPWDhHMjryDSVNz56Oexh0q3tQ1jHkljUtOaO-LqhRqMJLLOP9cBPIwMDb_3UEY2K1BP7eqCuaWXyase388R-eUg-uEUpqifrjMxLyhD1DJ\" target=\"_blank\" rel=\"noopener nofollow noreferrer\" data-ft=\"{&quot;tn&quot;:&quot;-U&quot;}\" data-lynx-mode=\"asynclazy\">wordpress.com<\/a> (sic) sont tous censur\u00e9s. 5 ann\u00e9es de travail acharn\u00e9 rendu inaccessible par d\u00e9cision unilat\u00e9rale, sur pression d&rsquo;on se doute qui.<\/em><\/strong><\/p>\n<p><strong><em>Gros travail \u00e0 venir, mettre en place un cluster de blogs wordpress [<a href=\"https:\/\/l.facebook.com\/l.php?u=https%3A%2F%2Ffr.wikipedia.org%2Fwiki%2FWordPress%3Ffbclid%3DIwAR3KJkLW1PHS2q3RxNQa6bGRgWLCdfR21AN_6kuL8GM1l5ayPdJYJaNqU8o&amp;h=AT1HNI1nLSm7TrnXvXSG_2sweNRTqBEnp9VHIBz_uomN6i7GIAT-JxkZPHfqyU2pwUoE1hb_KwSOOg13zrqI5ZljT7DrjOX1G3AR1NkAHr3bvtE3BWaoTTQ1QxziDXd05qC4-bot_a-c26-gnu9avJqoDSWZdTb_\" target=\"_blank\" rel=\"noopener nofollow noreferrer\" data-ft=\"{&quot;tn&quot;:&quot;-U&quot;}\" data-lynx-mode=\"asynclazy\">https:\/\/fr.wikipedia.org\/wiki\/WordPress<\/a>] auto h\u00e9berg\u00e9s sur mon serveur, sur la base des sauvegardes \u00e9videmment d\u00fbment r\u00e9alis\u00e9es. Chose que j&rsquo;aurai d\u00fb faire avant. D\u00e9fi de taille car la gestion des bases de donn\u00e9es (sous linux qui plus est) c&rsquo;est pas mon fort. Et sachant que j&rsquo;y ai d\u00e9j\u00e0 mon blog perso, op\u00e9rationnel&#8230;<\/em><\/strong><\/p>\n<hr \/>\n<p><em>C&rsquo;est relou la censure, mais \u00e7a en dit long sur la \u00ab\u00a0libert\u00e9 d&rsquo;expression\u00a0\u00bb, la \u00ab\u00a0d\u00e9mocratie\u00a0\u00bb, et sur qui pilote l&rsquo;avion.<\/em><\/p>\n<\/div>\n<ul>\n<li>Le portail vers les diff\u00e9rents sites du r\u00e9seau est accessible ici : <strong><a href=\"http:\/\/activeast.free.fr\" target=\"_blank\" rel=\"noopener noreferrer\">activeast.free.fr<\/a><\/strong><\/li>\n<li><a href=\"http:\/\/activeast.free.fr\/arche-de-savoir.htm\" target=\"_blank\" rel=\"noopener noreferrer\">L\u2019acc\u00e8s au serveur priv\u00e9 de documentaires se fait par ici<\/a>.<\/li>\n<\/ul>\n<p>&nbsp;<\/p>\n<hr \/>\n<p><strong>[EDIT 4 D\u00e9cembre 2022] <span style=\"color: #339966;\">Sauvegarde primaire<\/span><br \/>\n<\/strong><\/p>\n<p>Vous pouvez maintenant, <strong><a href=\"https:\/\/gofile.me\/3f1ET\/MNkchNm8W\" target=\"_blank\" rel=\"noopener\">t\u00e9l\u00e9charger l\u2019int\u00e9gralit\u00e9 des articles et dossiers<\/a><\/strong> <strong>(mot de passe : <em>savoir<\/em>)<\/strong> de tous les sites, sous forme de fichiers html (et de leurs dossiers images rattach\u00e9s) \u00e0 ouvrir via votre navigateur.<br \/>\nVous retrouverez (parfois) la pr\u00e9sentation d\u2019alors, avec le graphisme initial des sites, leur structure de menus, mais idem, tous les liens seront invalides. Cependant, les dossiers li\u00e9s seront tous pr\u00e9sents physiquement dans ces archives \u00ab\u00a0winrar\u00a0\u00bb, \u00e0 vous de les retrouver. <em>(winrar est <a href=\"https:\/\/www.win-rar.com\/start.html?&amp;L=10\" target=\"_blank\" rel=\"noopener\">un utilitaire gratuit<\/a> de compression\/d\u00e9compression de fichiers)<\/em><\/p>\n<ul>\n<li><a href=\"https:\/\/gofile.me\/3f1ET\/MNkchNm8W\"><strong>Dossier de sauvegardes<\/strong><\/a> (mot de passe : savoir)<\/li>\n<li><strong><a href=\"https:\/\/www.win-rar.com\/start.html?&amp;L=10\" target=\"_blank\" rel=\"noopener\">T\u00e9l\u00e9charger winrar<\/a><\/strong> pour d\u00e9compresser les archives [clic droit sur l&rsquo;archive .RAR &gt; dans le menu menu d\u00e9roulant, s\u00e9lectionner \u00ab\u00a0<em>Winrar<\/em>\u00a0\u00bb &gt; s\u00e9lectionner \u00ab\u00a0<em>extraire vers<\/em> (nom du dossier)\u00a0\u00bb]<\/li>\n<li><strong><a href=\"https:\/\/cedlabombe.fr\/?cat=5\">Articles re-publi\u00e9s en ligne<\/a><\/strong> (en cours, \u00e0 venir pour 2023)<\/li>\n<\/ul>\n","protected":false},"excerpt":{"rendered":"<p>Apr\u00e8s des ann\u00e9es exclusivement orient\u00e9es vers les f\u00eates libres d\u00e9but 2000, le sound syst\u00e8me prend part r\u00e9guli\u00e8rement \u00e0 des \u00e9v\u00e8nements politiques. Arm\u00e9s de baffles, ou par internet, il s&rsquo;agit alors de se bouger les miches pour lutter contre les injustices. Systematek \/ 1surek&rsquo;Son, transi&rsquo;son Nous avons sonoris\u00e9 quelques manifestations (inter)nationales avec nos camions sono, comme &hellip; <\/p>\n<p class=\"link-more\"><a href=\"https:\/\/cedlabombe.fr\/?page_id=253\" class=\"more-link\">Continuer la lecture<span class=\"screen-reader-text\"> de &laquo;&nbsp;ActivEast&nbsp;&raquo;<\/span><\/a><\/p>\n","protected":false},"author":1,"featured_media":269,"parent":0,"menu_order":0,"comment_status":"closed","ping_status":"closed","template":"","meta":[],"_links":{"self":[{"href":"https:\/\/cedlabombe.fr\/index.php?rest_route=\/wp\/v2\/pages\/253"}],"collection":[{"href":"https:\/\/cedlabombe.fr\/index.php?rest_route=\/wp\/v2\/pages"}],"about":[{"href":"https:\/\/cedlabombe.fr\/index.php?rest_route=\/wp\/v2\/types\/page"}],"author":[{"embeddable":true,"href":"https:\/\/cedlabombe.fr\/index.php?rest_route=\/wp\/v2\/users\/1"}],"replies":[{"embeddable":true,"href":"https:\/\/cedlabombe.fr\/index.php?rest_route=%2Fwp%2Fv2%2Fcomments&post=253"}],"version-history":[{"count":24,"href":"https:\/\/cedlabombe.fr\/index.php?rest_route=\/wp\/v2\/pages\/253\/revisions"}],"predecessor-version":[{"id":513,"href":"https:\/\/cedlabombe.fr\/index.php?rest_route=\/wp\/v2\/pages\/253\/revisions\/513"}],"wp:featuredmedia":[{"embeddable":true,"href":"https:\/\/cedlabombe.fr\/index.php?rest_route=\/wp\/v2\/media\/269"}],"wp:attachment":[{"href":"https:\/\/cedlabombe.fr\/index.php?rest_route=%2Fwp%2Fv2%2Fmedia&parent=253"}],"curies":[{"name":"wp","href":"https:\/\/api.w.org\/{rel}","templated":true}]}}