{"id":251,"date":"2020-05-03T11:33:13","date_gmt":"2020-05-03T09:33:13","guid":{"rendered":"https:\/\/anarche.synology.me\/?page_id=251"},"modified":"2024-12-01T20:33:17","modified_gmt":"2024-12-01T19:33:17","slug":"systematek","status":"publish","type":"page","link":"https:\/\/cedlabombe.fr\/?page_id=251","title":{"rendered":"Systematek"},"content":{"rendered":"<h2>[2001-2011]<\/h2>\n<p>C&rsquo;est \u00e0 l&rsquo;occasion de <a href=\"http:\/\/www.technoparade.fr\/historique\/1998-historique2\/\" target=\"_blank\" rel=\"noopener noreferrer\">la techno parade parisienne de 1998<\/a> que nous rencontrons -par hasard- le monde clandestin des freeparty, lors de ce qui s\u2019appela alors la \u00ab\u00a0<strong>Fuck techno parade<\/strong>\u00ab\u00a0, sur les quais de Seine de la Villette<\/p>\n<p><a href=\"http:\/\/systematek.web.free.fr\/reports\/fuck_parade.htm\"><img loading=\"lazy\" class=\"aligncenter size-full wp-image-262\" src=\"https:\/\/cedlabombe.fr\/wordpress\/wp-content\/uploads\/2020\/05\/fuckparade98_01.jpg\" alt=\"\" width=\"600\" height=\"411\" srcset=\"https:\/\/cedlabombe.fr\/wp-content\/uploads\/2020\/05\/fuckparade98_01.jpg 600w, https:\/\/cedlabombe.fr\/wp-content\/uploads\/2020\/05\/fuckparade98_01-300x206.jpg 300w\" sizes=\"(max-width: 600px) 100vw, 600px\" \/><\/a><\/p>\n<h2>Sound Systeme<\/h2>\n<p>Lanc\u00e9e d\u00e9but 2000, l\u2019agence de voyage nocturne qu\u2019\u00e9tait Systematek a choisi la clandestinit\u00e9 des soir\u00e9es libres, les \u00ab\u00a0freeparty\u00a0\u00bb en <a href=\"http:\/\/systematek.web.free.fr\/reports.htm\" target=\"_blank\" rel=\"noopener noreferrer\">\u00e9cumant<\/a> l\u2019Alsace puis les r\u00e9gions voisines et l\u2019\u00e9tranger. A l\u2019\u00e8re des Teknivals encadr\u00e9s dits \u00ab\u00a0sarkovals\u00a0\u00bb courant 2000, le groupe a naturellement rejoint la mouvance clandestine des \u00ab\u00a0<a href=\"http:\/\/www.bassexpression.com\/viewtopic.php?id=10293\" target=\"_blank\" rel=\"noopener noreferrer\">Insoumis<\/a> \u00bb pour p\u00e9renniser l\u2019essence d\u2019une Freeparty originelle, libre et autog\u00e9r\u00e9e. [D\u00e9couvrir \/ aller plus loin : base de donn\u00e9e <a href=\"http:\/\/teknoparty.are.free.fr\" target=\"_blank\" rel=\"noopener noreferrer\">http:\/\/teknoparty.are.free.fr<\/a> concoct\u00e9e par mes soins]<\/p>\n<ul>\n<li>[6TEK] SYSTEMATEK SoundSystem <a href=\"http:\/\/systematek.web.free.fr\" target=\"_blank\" rel=\"noopener noreferrer\">systematek.web.free.fr<\/a><\/li>\n<\/ul>\n<p><img loading=\"lazy\" class=\"aligncenter size-full wp-image-273\" src=\"https:\/\/cedlabombe.fr\/wordpress\/wp-content\/uploads\/2020\/05\/anime_system.gif\" alt=\"\" width=\"355\" height=\"169\" \/><\/p>\n<h2>Musique \u00e9lectronique<\/h2>\n<p>DJ vinyl depuis&#8230; 1996 ? j\u2019ai vite commenc\u00e9 \u00e0 bidouiller la musique \u00e9lectronique d\u00e9but 1999-2000 avec la <span class=\"cmps-name\">Roland MC-303<\/span> et la RM1x de Yamaha, puis tr\u00e8s vite je suis pass\u00e9 sur un logiciel aux possibilit\u00e9s plus vastes, Fruityloops 2 ou 3 sur PC.<\/p>\n<p>La compo d&rsquo;une trentaine de morceaux, dont certains ont fini press\u00e9s sur des vinyles 100% autoproduits, s\u2019est faite exclusivement sur Fruityloops (&amp;VST).<\/p>\n<p><iframe loading=\"lazy\" src=\"https:\/\/w.soundcloud.com\/player\/?url=https%3A\/\/api.soundcloud.com\/playlists\/1056907930&amp;color=%23ff5500&amp;auto_play=false&amp;hide_related=false&amp;show_comments=true&amp;show_user=true&amp;show_reposts=false&amp;show_teaser=true&amp;visual=true\" width=\"100%\" height=\"600\" frameborder=\"no\" scrolling=\"no\"><\/iframe><\/p>\n<ul>\n<li>Musique <a href=\"https:\/\/soundcloud.com\/falcom-systematek\" target=\"_blank\" rel=\"noopener noreferrer\">soundcloud.com\/falcom-systematek<\/a><\/li>\n<li>Discographie <a href=\"https:\/\/www.discogs.com\/artist\/323300-Falcom\" target=\"_blank\" rel=\"noopener noreferrer\">discogs.com\/artist\/323300-Falcom<\/a><\/li>\n<li>Boutique <a href=\"https:\/\/www.discogs.com\/fr\/seller\/SYSTEMATEK\/profile\" target=\"_blank\" rel=\"noopener noreferrer\">discogs.com\/fr\/seller\/SYSTEMATEK\/profile<\/a><\/li>\n<\/ul>\n<p>Mon dernier vinyle en date sorti (2019) est disponible \u00e0 l&rsquo;achat (comme 3 autres r\u00e9f\u00e9rences encore). C&rsquo;est par ici pour d\u00e9couvrir :<br \/>\n<a href=\"http:\/\/systematek.web.free.fr\/6tdor2019.html\" target=\"_blank\" rel=\"noopener noreferrer\">Double album des 6t\u00e9s d&rsquo;or<\/a><a href=\"http:\/\/systematek.web.free.fr\/6tdor2019.html\"><img loading=\"lazy\" class=\"aligncenter size-full wp-image-271\" src=\"https:\/\/cedlabombe.fr\/wordpress\/wp-content\/uploads\/2020\/05\/pochette2skeuds.gif\" alt=\"\" width=\"750\" height=\"500\" \/><\/a><\/p>\n<p>La suite, d\u00e9but 2020, c&rsquo;est le rebranchement des machines pour un revival du <a href=\"https:\/\/cedlabombe.fr\/?page_id=232\">home studio<\/a>, version hardware, analogique, num\u00e9rique, voire semi-modulaire.<\/p>\n<p><img loading=\"lazy\" class=\"aligncenter size-full wp-image-277\" src=\"https:\/\/cedlabombe.fr\/wordpress\/wp-content\/uploads\/2020\/05\/Falcom.png\" alt=\"\" width=\"2277\" height=\"2914\" srcset=\"https:\/\/cedlabombe.fr\/wp-content\/uploads\/2020\/05\/Falcom.png 2277w, https:\/\/cedlabombe.fr\/wp-content\/uploads\/2020\/05\/Falcom-234x300.png 234w, https:\/\/cedlabombe.fr\/wp-content\/uploads\/2020\/05\/Falcom-768x983.png 768w, https:\/\/cedlabombe.fr\/wp-content\/uploads\/2020\/05\/Falcom-800x1024.png 800w\" sizes=\"(max-width: 767px) 89vw, (max-width: 1000px) 54vw, (max-width: 1071px) 543px, 580px\" \/><\/p>\n","protected":false},"excerpt":{"rendered":"<p>[2001-2011] C&rsquo;est \u00e0 l&rsquo;occasion de la techno parade parisienne de 1998 que nous rencontrons -par hasard- le monde clandestin des freeparty, lors de ce qui s\u2019appela alors la \u00ab\u00a0Fuck techno parade\u00ab\u00a0, sur les quais de Seine de la Villette Sound Systeme Lanc\u00e9e d\u00e9but 2000, l\u2019agence de voyage nocturne qu\u2019\u00e9tait Systematek a choisi la clandestinit\u00e9 des &hellip; <\/p>\n<p class=\"link-more\"><a href=\"https:\/\/cedlabombe.fr\/?page_id=251\" class=\"more-link\">Continuer la lecture<span class=\"screen-reader-text\"> de &laquo;&nbsp;Systematek&nbsp;&raquo;<\/span><\/a><\/p>\n","protected":false},"author":1,"featured_media":270,"parent":0,"menu_order":0,"comment_status":"closed","ping_status":"closed","template":"","meta":[],"_links":{"self":[{"href":"https:\/\/cedlabombe.fr\/index.php?rest_route=\/wp\/v2\/pages\/251"}],"collection":[{"href":"https:\/\/cedlabombe.fr\/index.php?rest_route=\/wp\/v2\/pages"}],"about":[{"href":"https:\/\/cedlabombe.fr\/index.php?rest_route=\/wp\/v2\/types\/page"}],"author":[{"embeddable":true,"href":"https:\/\/cedlabombe.fr\/index.php?rest_route=\/wp\/v2\/users\/1"}],"replies":[{"embeddable":true,"href":"https:\/\/cedlabombe.fr\/index.php?rest_route=%2Fwp%2Fv2%2Fcomments&post=251"}],"version-history":[{"count":14,"href":"https:\/\/cedlabombe.fr\/index.php?rest_route=\/wp\/v2\/pages\/251\/revisions"}],"predecessor-version":[{"id":517,"href":"https:\/\/cedlabombe.fr\/index.php?rest_route=\/wp\/v2\/pages\/251\/revisions\/517"}],"wp:featuredmedia":[{"embeddable":true,"href":"https:\/\/cedlabombe.fr\/index.php?rest_route=\/wp\/v2\/media\/270"}],"wp:attachment":[{"href":"https:\/\/cedlabombe.fr\/index.php?rest_route=%2Fwp%2Fv2%2Fmedia&parent=251"}],"curies":[{"name":"wp","href":"https:\/\/api.w.org\/{rel}","templated":true}]}}