{"id":2,"date":"2018-01-05T23:37:08","date_gmt":"2018-01-05T22:37:08","guid":{"rendered":"https:\/\/192.168.0.12\/wordpress\/?page_id=2"},"modified":"2025-02-02T14:40:21","modified_gmt":"2025-02-02T13:40:21","slug":"page-d-exemple","status":"publish","type":"page","link":"https:\/\/cedlabombe.fr\/","title":{"rendered":"Bio"},"content":{"rendered":"<h3 style=\"text-align: right;\"><span style=\"color: #ff6600;\"><em>Portail auto-h\u00e9berg\u00e9 vers 20 ans de pr\u00e9sence web<br \/>\n<\/em><\/span>Inventaire de vie depuis 2000<\/h3>\n<p><span style=\"color: #808080;\"><em><img loading=\"lazy\" class=\"alignleft size-full wp-image-168\" src=\"https:\/\/cedlabombe.fr\/wp-content\/uploads\/2019\/02\/avatars.gif\" alt=\"\" width=\"63\" height=\"65\" \/>Ced 6tek, Activeast, Falcom,<br \/>\n<\/em><\/span><span style=\"color: #808080;\"><em>plusieurs blazes au gr\u00e9 du temps.<br \/>\n<\/em><\/span><\/p>\n<p><img loading=\"lazy\" class=\"alignright size-full wp-image-205\" src=\"https:\/\/cedlabombe.fr\/wp-content\/uploads\/2019\/03\/Synology-DS216plus.png\" alt=\"\" width=\"60\" height=\"71\" \/><span style=\"color: #99cc00;\"><em>Bienvenue chez oim puisque j&rsquo;h\u00e9berge cette page dans mon salon. Les petits plaisirs de l&rsquo;autonomie num\u00e9rique<br \/>\n-relative-<br \/>\n<\/em><\/span><\/p>\n<hr \/>\n<h2><img loading=\"lazy\" class=\"size-full wp-image-87 alignleft\" src=\"https:\/\/cedlabombe.fr\/wp-content\/uploads\/2018\/01\/stormanime150.gif\" alt=\"\" width=\"150\" height=\"151\" \/>[2001-2011]<br \/>\nDix ans de collectif freetekno avec notre sound-syst\u00e8me Systematek &amp; des vinyles sur plusieurs labels autoproduits<\/h2>\n<p><em>Lanc\u00e9e d\u00e9but 2000, l&rsquo;agence de voyage nocturne qu&rsquo;\u00e9tait Systematek a choisi la clandestinit\u00e9 des soir\u00e9es libres, les \u00ab\u00a0freeparty\u00a0\u00bb en <a href=\"http:\/\/systematek.web.free.fr\/reports.htm\" target=\"_blank\" rel=\"noopener noreferrer\">\u00e9cumant<\/a> l&rsquo;Alsace puis les r\u00e9gions voisines et l&rsquo;\u00e9tranger. A l&rsquo;\u00e8re des Teknivals encadr\u00e9s dits \u00ab\u00a0sarkovals\u00a0\u00bb courant 2000, le groupe a naturellement rejoint la mouvance clandestine, &amp; la gen\u00e8se du collectif des \u00ab\u00a0<a href=\"http:\/\/www.bassexpression.com\/viewtopic.php?id=10293\" target=\"_blank\" rel=\"noopener noreferrer\">Insoumis<\/a>\u00a0\u00bb [<a href=\"https:\/\/www.facebook.com\/CollectifdesInsoumis\" target=\"_blank\" rel=\"noopener\">FB<\/a>] pour p\u00e9renniser l&rsquo;essence d&rsquo;une Freeparty originelle, libre et autog\u00e9r\u00e9e.<br \/>\n[D\u00e9couvrir \/ aller plus loin : base de donn\u00e9e <a href=\"http:\/\/teknoparty.are.free.fr\" target=\"_blank\" rel=\"noopener noreferrer\">http:\/\/teknoparty.are.free.fr<\/a> concoct\u00e9e par mes soins]<\/em><\/p>\n<ul>\n<li>SoundSystem <a href=\"http:\/\/systematek.web.free.fr\" target=\"_blank\" rel=\"noopener noreferrer\">systematek.web.free.fr<\/a><\/li>\n<li>Musique <a href=\"https:\/\/soundcloud.com\/falcom-systematek\" target=\"_blank\" rel=\"noopener noreferrer\">soundcloud.com\/falcom-systematek<\/a><\/li>\n<li>Disco <a href=\"https:\/\/www.discogs.com\/artist\/323300-Falcom\" target=\"_blank\" rel=\"noopener noreferrer\">discogs.com\/artist\/323300-Falcom<\/a><\/li>\n<li>Boutique <a href=\"https:\/\/www.discogs.com\/fr\/seller\/SYSTEMATEK\/profile\" target=\"_blank\" rel=\"noopener noreferrer\">discogs.com\/fr\/seller\/SYSTEMATEK\/profile<\/a><\/li>\n<\/ul>\n<div id='gallery-1' class='gallery galleryid-2 gallery-columns-1 gallery-size-full'><figure class='gallery-item'>\n\t\t\t<div class='gallery-icon landscape'>\n\t\t\t\t<img width=\"600\" height=\"450\" src=\"https:\/\/cedlabombe.fr\/wp-content\/uploads\/2018\/07\/cz03_03.jpg\" class=\"attachment-full size-full\" alt=\"\" loading=\"lazy\" aria-describedby=\"gallery-1-119\" srcset=\"https:\/\/cedlabombe.fr\/wp-content\/uploads\/2018\/07\/cz03_03.jpg 600w, https:\/\/cedlabombe.fr\/wp-content\/uploads\/2018\/07\/cz03_03-300x225.jpg 300w\" sizes=\"100vw\" \/>\n\t\t\t<\/div>\n\t\t\t\t<figcaption class='wp-caption-text gallery-caption' id='gallery-1-119'>\n\t\t\t\tTch\u00e9quie 2003\n\t\t\t\t<\/figcaption><\/figure><figure class='gallery-item'>\n\t\t\t<div class='gallery-icon landscape'>\n\t\t\t\t<img width=\"4672\" height=\"3390\" src=\"https:\/\/cedlabombe.fr\/wp-content\/uploads\/2018\/10\/Ced-sur-camtar-manif-strasbourg-EAR.jpg\" class=\"attachment-full size-full\" alt=\"\" loading=\"lazy\" aria-describedby=\"gallery-1-135\" srcset=\"https:\/\/cedlabombe.fr\/wp-content\/uploads\/2018\/10\/Ced-sur-camtar-manif-strasbourg-EAR.jpg 4672w, https:\/\/cedlabombe.fr\/wp-content\/uploads\/2018\/10\/Ced-sur-camtar-manif-strasbourg-EAR-300x218.jpg 300w, https:\/\/cedlabombe.fr\/wp-content\/uploads\/2018\/10\/Ced-sur-camtar-manif-strasbourg-EAR-768x557.jpg 768w, https:\/\/cedlabombe.fr\/wp-content\/uploads\/2018\/10\/Ced-sur-camtar-manif-strasbourg-EAR-1024x743.jpg 1024w\" sizes=\"100vw\" \/>\n\t\t\t<\/div>\n\t\t\t\t<figcaption class='wp-caption-text gallery-caption' id='gallery-1-135'>\n\t\t\t\tStrasbourg 2006\n\t\t\t\t<\/figcaption><\/figure>\n\t\t<\/div>\n\n<p><em>Gros big up \u00e0 certaines entit\u00e9s ayant crois\u00e9, voire jalonn\u00e9 ma vie de jeune r\u00e9volt\u00e9 tekno\u00efde : La HP (B. &amp; M.) d&rsquo;environ Paris et tous les Insoumis que nous avons c\u00f4toy\u00e9 \u00e0 cette \u00e9poque; et aussi FSA &amp; ROM d&rsquo;Eko6tm de Lyon, Certains loulous locaux d&rsquo;Endokrin, Algorythm , Oblyk Dfrok\u00e9, FLS, et les autres (FR), Havock (USA), BSE (DE), tous les amis r\u00e9gionaux qui ont contribu\u00e9 un temps \u00e0 p\u00e9renniser une certaine id\u00e9e de la tawa bounga libre et autog\u00e9r\u00e9e.<\/em><\/p>\n<div class=\"mceTemp\"><\/div>\n<hr \/>\n<p><em><img loading=\"lazy\" class=\"alignright size-full wp-image-280\" src=\"https:\/\/cedlabombe.fr\/wp-content\/uploads\/2020\/05\/1FLAMME.gif\" alt=\"\" width=\"240\" height=\"141\" \/><\/em><\/p>\n<p><em>Entre deux tranches de vie, nous avons sonoris\u00e9 quelques manifestations (inter)nationales avec nos camions sono, comme l&rsquo;<a href=\"http:\/\/extremeast.free.fr\/otan2009\/\" target=\"_blank\" rel=\"noopener noreferrer\">anti Otan de Strasbourg en 2009<\/a>, l&rsquo;<a href=\"http:\/\/systematek.web.free.fr\/reports\/g8\/raf_g8.htm\" target=\"_blank\" rel=\"noopener noreferrer\">anti G8 \u00e0 Heiligendamm<\/a> en 2007, la m\u00e9ga manif des <a href=\"http:\/\/activeast.free.fr\/15o-bruxelles.htm\" target=\"_blank\" rel=\"noopener noreferrer\">Indign\u00e9s \u00e0 Bruxelles en 2011<\/a>,\u00a0des manifs parisiennes avec les copains Insoumis de la teKno (comme le <a href=\"http:\/\/systematek.web.free.fr\/reports\/1er_mai_2006_paris.htm#manif\" target=\"_blank\" rel=\"noopener noreferrer\">Joyeux merdier Social de 2006<\/a>) (ou celle, <a href=\"http:\/\/systematek.web.free.fr\/reports\/european_manifestation.htm\" target=\"_blank\" rel=\"noopener noreferrer\">europ\u00e9enne, de 2006 \u00e0 Strasbourg<\/a>) ou <a href=\"http:\/\/activeast.free.fr\/sonomobile.htm\" target=\"_blank\" rel=\"noopener noreferrer\">d&rsquo;autres plus locales<\/a> (&#8230;)<\/em><\/p>\n<p>Quelques apparitions m\u00e9dias en vid\u00e9o des ann\u00e9es 2000 :<\/p>\n<ul>\n<li><a href=\"https:\/\/www.youtube.com\/watch?v=nF92c3OSNWM\" target=\"_blank\" rel=\"noopener noreferrer\">Journal France3 de 2009<\/a><\/li>\n<li><a href=\"https:\/\/www.youtube.com\/watch?v=zvBDOyinD1s\" target=\"_blank\" rel=\"noopener noreferrer\">Documentaire italien<\/a> \u00ab\u00a0Tekno\u00a0\u00bb (<a href=\"https:\/\/www.youtube.com\/watch?v=s0KheraVAYk\" target=\"_blank\" rel=\"noopener noreferrer\">extrait<\/a>)<\/li>\n<li>Clip \u00ab\u00a0<a href=\"https:\/\/www.youtube.com\/watch?v=s10LuCPKE24\" target=\"_blank\" rel=\"noopener noreferrer\">Coup d&rsquo;\u00e9tat de la jeunesse<\/a>\u00a0\u00bb des Berurier Noir<\/li>\n<li>Et aussi dans <a href=\"http:\/\/duvalmc.com\/textes-des-morceaux\/nato-game\/\" target=\"_blank\" rel=\"noopener noreferrer\">les paroles<\/a> du titre <a href=\"https:\/\/www.youtube.com\/watch?v=ONTg0YiRQ0o\" target=\"_blank\" rel=\"noopener noreferrer\">NATO Game over<\/a> de <a href=\"https:\/\/duvalmc.com\" target=\"_blank\" rel=\"noopener noreferrer\">Duval Mc<\/a><\/li>\n<\/ul>\n<hr \/>\n<h2>[2011-2017] Cinq ann\u00e9es intensives de lecture, de recherches, de compilation..<\/h2>\n<h3>Apr\u00e8s cinq ans non stop de bons et loyaux services b\u00e9n\u00e9voles envers les internautes, je prends du recul tout en laissant l&rsquo;acc\u00e8s au fruit d&rsquo;un incessant travail de recherches et de retranscription d&rsquo;informations.<\/h3>\n<p><img loading=\"lazy\" class=\"size-full wp-image-65 alignleft\" src=\"https:\/\/cedlabombe.fr\/wp-content\/uploads\/2018\/01\/ae-flag.gif\" alt=\"\" width=\"245\" height=\"88\" \/><\/p>\n<p><span style=\"color: #999999;\"><em>Une dizaine de sites web mont\u00e9s et g\u00e9r\u00e9s par mes soins, pour approfondir des th\u00e9matiques que j&rsquo;ai jug\u00e9 importantes de conna\u00eetre. Autours de lectures, et de recherches par internet : un \u00ab\u00a0archivisme\u00a0\u00bb multisupport fr\u00e9n\u00e9tique avec une biblioth\u00e8que de pr\u00e8s de 250 ouvrages, des sites web, ainsi qu&rsquo;un serveur priv\u00e9 donnant acc\u00e8s \u00e0 des vid\u00e9os th\u00e9matiques parfois introuvables ailleurs.<\/em><\/span><\/p>\n<p><strong><em>[EDIT juin 2020] Les 8 blogs WordPress, qui composaient le c\u0153ur du r\u00e9seau Activeast, tous h\u00e9berg\u00e9s chez wordpress.com (sic) sont <span style=\"color: #ff0000;\">tous censur\u00e9s<\/span>. 5 ann\u00e9es de travail acharn\u00e9 rendu inaccessible par d\u00e9cision unilat\u00e9rale (<a href=\"https:\/\/www.facebook.com\/photo.php?fbid=3279256925439655&amp;set=a.195124723852906&amp;type=3\" target=\"_blank\" rel=\"noopener noreferrer\">&#8230;<\/a>)<br \/>\n<\/em><\/strong><\/p>\n<ul>\n<li>Le portail vers les diff\u00e9rents sites du r\u00e9seau est accessible ici : <strong><a href=\"http:\/\/activeast.free.fr\" target=\"_blank\" rel=\"noopener noreferrer\">activeast.free.fr<\/a><\/strong><\/li>\n<li><a href=\"http:\/\/activeast.free.fr\/arche-de-savoir.htm\" target=\"_blank\" rel=\"noopener noreferrer\">L&rsquo;acc\u00e8s au serveur priv\u00e9 de documentaires se fait par ici<\/a>.<\/li>\n<\/ul>\n<figure id=\"attachment_118\" aria-describedby=\"caption-attachment-118\" style=\"width: 800px\" class=\"wp-caption aligncenter\"><img loading=\"lazy\" class=\"wp-image-118 size-full\" src=\"https:\/\/cedlabombe.fr\/wp-content\/uploads\/2018\/07\/Barcelona-Port-Vel-9aout2010.jpg\" alt=\"Sur le Sea Shepherd en rade de Barcelone, 2009\" width=\"800\" height=\"531\" srcset=\"https:\/\/cedlabombe.fr\/wp-content\/uploads\/2018\/07\/Barcelona-Port-Vel-9aout2010.jpg 800w, https:\/\/cedlabombe.fr\/wp-content\/uploads\/2018\/07\/Barcelona-Port-Vel-9aout2010-300x199.jpg 300w, https:\/\/cedlabombe.fr\/wp-content\/uploads\/2018\/07\/Barcelona-Port-Vel-9aout2010-768x510.jpg 768w\" sizes=\"(max-width: 767px) 89vw, (max-width: 1000px) 54vw, (max-width: 1071px) 543px, 580px\" \/><figcaption id=\"caption-attachment-118\" class=\"wp-caption-text\">Sur le Sea Shepherd en rade de Barcelone, 2009<\/figcaption><\/figure>\n<hr \/>\n<h3><img loading=\"lazy\" class=\"alignleft size-full wp-image-142\" src=\"https:\/\/cedlabombe.fr\/wp-content\/uploads\/2018\/11\/logo_tekalliance.gif\" alt=\"\" width=\"150\" height=\"84\" \/>Pendant toutes ces ann\u00e9es, j&rsquo;ai anim\u00e9 en parall\u00e8le un atelier professionnel ind\u00e9pendant, un studio graphique de cr\u00e9ation \/ production sp\u00e9cialis\u00e9 dans la s\u00e9rigraphie textile monochromatique (technologie Flex).<\/h3>\n<p><span style=\"color: #999999;\"><em>Overground \/ underground, ma sp\u00e9cialit\u00e9 \u00e9tait la cr\u00e9ation d&rsquo;identit\u00e9s visuelles (logos) puis la production de mod\u00e8les uniques en interne : sweats, t-shirts, v\u00eatements professionnels, adh\u00e9sifs publicitaires pour v\u00e9hicules &amp; vitrines, mais aussi la cr\u00e9ation et la diffusion de pages web.<br \/>\n<\/em><\/span><\/p>\n<ul>\n<li><a href=\"https:\/\/www.facebook.com\/pages\/Tekalliance-StudioMobile\/145139335542449\" target=\"_blank\" rel=\"noopener noreferrer\">La page FB \u00ab\u00a0Tekalliance StudioMobile\u00a0\u00bb<\/a><\/li>\n<li><a href=\"https:\/\/tekalliance.tumblr.com\" target=\"_blank\" rel=\"noopener noreferrer\">Une page anim\u00e9e de cr\u00e9as<\/a><\/li>\n<li><a href=\"http:\/\/studiotek.free.fr\/tekalliance\/2007\/\" target=\"_blank\" rel=\"noopener noreferrer\">Mon ancien site vitrine en \u00ab\u00a0Flash\u00a0\u00bb<\/a><\/li>\n<li><a href=\"http:\/\/studiotek.free.fr\/tekalliance\/html2009.html\" target=\"_blank\" rel=\"noopener noreferrer\">Un vieux site en \u00ab\u00a0Html\u00a0\u00bb<\/a><\/li>\n<\/ul>\n<p><a href=\"https:\/\/cedlabombe.fr\/wp-content\/uploads\/2019\/03\/tekalliance.jpg\" target=\"_blank\" rel=\"noopener noreferrer\"><img loading=\"lazy\" class=\"aligncenter wp-image-183 size-full\" src=\"https:\/\/cedlabombe.fr\/wp-content\/uploads\/2019\/03\/tekalliance.jpg\" alt=\"\" width=\"927\" height=\"344\" srcset=\"https:\/\/cedlabombe.fr\/wp-content\/uploads\/2019\/03\/tekalliance.jpg 927w, https:\/\/cedlabombe.fr\/wp-content\/uploads\/2019\/03\/tekalliance-300x111.jpg 300w, https:\/\/cedlabombe.fr\/wp-content\/uploads\/2019\/03\/tekalliance-768x285.jpg 768w\" sizes=\"(max-width: 767px) 89vw, (max-width: 1000px) 54vw, (max-width: 1071px) 543px, 580px\" \/><\/a><\/p>\n<hr \/>\n<h3><img loading=\"lazy\" class=\"alignleft size-full wp-image-174\" src=\"https:\/\/cedlabombe.fr\/wp-content\/uploads\/2019\/02\/occupy-indignes-stras.png\" alt=\"\" width=\"209\" height=\"207\" srcset=\"https:\/\/cedlabombe.fr\/wp-content\/uploads\/2019\/02\/occupy-indignes-stras.png 209w, https:\/\/cedlabombe.fr\/wp-content\/uploads\/2019\/02\/occupy-indignes-stras-150x150.png 150w, https:\/\/cedlabombe.fr\/wp-content\/uploads\/2019\/02\/occupy-indignes-stras-100x100.png 100w\" sizes=\"(max-width: 209px) 100vw, 209px\" \/>\u00c9galement dans une tranche de vie b\u00e2tarde, il m&rsquo;est arriv\u00e9 de m&rsquo;engager sur le terrain dans des aspects soci\u00e9taux,<\/h3>\n<p><span style=\"color: #999999;\"><em>avec en vrac, et avec des copains <a style=\"color: #999999;\" href=\"https:\/\/ciasxb.wordpress.com\/\" target=\"_blank\" rel=\"noopener noreferrer\">d&rsquo;alors<\/a>, des <a style=\"color: #999999;\" href=\"https:\/\/occuponstrasbourg.wordpress.com\/2012\/02\/09\/op-besoin-de-toit-personne-dehors-cet-hiver\/\" target=\"_blank\" rel=\"noopener noreferrer\">ouvertures de squatts<\/a>, des <a style=\"color: #999999;\" href=\"http:\/\/activeast.free.fr\/soupespopulaires.htm\" target=\"_blank\" rel=\"noopener noreferrer\">soupes populaires organis\u00e9es<\/a> \u00e0 partir de nourriture r\u00e9cup\u00e9r\u00e9e sur les march\u00e9s et hypermarch\u00e9s, l&rsquo;organisation de manifestations diverses, de sittings politiques comme pour <a style=\"color: #999999;\" href=\"https:\/\/strasbourgdemocratiereelle.wordpress.com\/\" target=\"_blank\" rel=\"noopener noreferrer\">les Indign\u00e9s de Strasbourg<\/a> pendant une ann\u00e9e de mani\u00e8re hebdomadaire, un <a style=\"color: #999999;\" href=\"http:\/\/activeast.free.fr\/cat-g8\/report.htm\" target=\"_blank\" rel=\"noopener noreferrer\">anti g8 d\u00e9centralis\u00e9 en 2011<\/a> . Ou encore <a href=\"https:\/\/www.lci.fr\/politique\/elections-europeennes-le-palmares-des-listes-les-plus-originales-1549275.html\" target=\"_blank\" rel=\"noopener noreferrer\">cette liste<\/a> \u00ab\u00a0anti-banques\u00a0\u00bb aux <a href=\"https:\/\/fr.wikipedia.org\/wiki\/%C3%89lections_europ%C3%A9ennes_de_2014_en_France#Massif_central_-_Centre\" target=\"_blank\" rel=\"noopener noreferrer\">europ\u00e9ennes de 2014<\/a> pour laquelle je me suis retrouv\u00e9 au minist\u00e8re de l&rsquo;int\u00e9rieur ^^ ! Ces engagements et prises de positions publiques m&rsquo;ont confront\u00e9 au r\u00e9el, aux forces id\u00e9ologiques en pr\u00e9sence, visibles ou invisibles. Notamment, et de mani\u00e8re approfondie sur <a style=\"color: #999999;\" href=\"https:\/\/activeast.wordpress.com\/\" target=\"_blank\" rel=\"noopener noreferrer\">le blog activeast<\/a> d\u00e8s 2010, sur les notions d&rsquo;antifascisme\/antifa tr\u00e8s pr\u00e9sentes en ces temps de gilets jaunes (2019).<\/em><\/span><\/p>\n<hr \/>\n<h3><img loading=\"lazy\" class=\"alignleft wp-image-113\" src=\"https:\/\/cedlabombe.fr\/wp-content\/uploads\/2018\/07\/ninja-cartoon-v2-150x150.png\" alt=\"\" width=\"200\" height=\"200\" srcset=\"https:\/\/cedlabombe.fr\/wp-content\/uploads\/2018\/07\/ninja-cartoon-v2-150x150.png 150w, https:\/\/cedlabombe.fr\/wp-content\/uploads\/2018\/07\/ninja-cartoon-v2-300x300.png 300w, https:\/\/cedlabombe.fr\/wp-content\/uploads\/2018\/07\/ninja-cartoon-v2-768x768.png 768w, https:\/\/cedlabombe.fr\/wp-content\/uploads\/2018\/07\/ninja-cartoon-v2-1024x1024.png 1024w, https:\/\/cedlabombe.fr\/wp-content\/uploads\/2018\/07\/ninja-cartoon-v2-100x100.png 100w, https:\/\/cedlabombe.fr\/wp-content\/uploads\/2018\/07\/ninja-cartoon-v2.png 2001w\" sizes=\"(max-width: 200px) 100vw, 200px\" \/>[2017-?] \u00ab\u00a0Jardinier de combat\u00a0\u00bb &amp;\u00a0 responsable secteur au sein de la structure <a href=\"http:\/\/www.hellolejardinier.com\" target=\"_blank\" rel=\"noopener noreferrer\">Hello le Jardinier<\/a> bas\u00e9e \u00e0 Marlenheim en Alsace.<\/h3>\n<ul>\n<li><a href=\"https:\/\/drive.google.com\/drive\/folders\/12c_xe2wyH16VK6YAmPTZfE3f5DWhnHZf?usp=sharing\" target=\"_blank\" rel=\"noopener noreferrer\">Quelques r\u00e9alisations<\/a><\/li>\n<\/ul>\n<figure id=\"attachment_124\" aria-describedby=\"caption-attachment-124\" style=\"width: 300px\" class=\"wp-caption alignright\"><img loading=\"lazy\" class=\"wp-image-124 size-medium\" src=\"https:\/\/cedlabombe.fr\/wp-content\/uploads\/2018\/07\/Ced-Marlenheim-Chateau-10-7-18-300x218.png\" alt=\"\" width=\"300\" height=\"218\" srcset=\"https:\/\/cedlabombe.fr\/wp-content\/uploads\/2018\/07\/Ced-Marlenheim-Chateau-10-7-18-300x218.png 300w, https:\/\/cedlabombe.fr\/wp-content\/uploads\/2018\/07\/Ced-Marlenheim-Chateau-10-7-18.png 500w\" sizes=\"(max-width: 300px) 100vw, 300px\" \/><figcaption id=\"caption-attachment-124\" class=\"wp-caption-text\">Alsace, 2018<\/figcaption><\/figure>\n<hr \/>\n<figure id=\"attachment_176\" aria-describedby=\"caption-attachment-176\" style=\"width: 960px\" class=\"wp-caption aligncenter\"><img loading=\"lazy\" class=\"wp-image-176 size-full\" src=\"https:\/\/cedlabombe.fr\/wp-content\/uploads\/2019\/02\/camtar.jpg\" alt=\"\" width=\"960\" height=\"720\" srcset=\"https:\/\/cedlabombe.fr\/wp-content\/uploads\/2019\/02\/camtar.jpg 960w, https:\/\/cedlabombe.fr\/wp-content\/uploads\/2019\/02\/camtar-300x225.jpg 300w, https:\/\/cedlabombe.fr\/wp-content\/uploads\/2019\/02\/camtar-768x576.jpg 768w\" sizes=\"(max-width: 767px) 89vw, (max-width: 1000px) 54vw, (max-width: 1071px) 543px, 580px\" \/><figcaption id=\"caption-attachment-176\" class=\"wp-caption-text\">Maison (secondaire) qui roule, quelque part en France vers 2014 (?)<\/figcaption><\/figure>\n<p><img loading=\"lazy\" class=\"wp-image-212 size-full\" src=\"https:\/\/cedlabombe.fr\/wp-content\/uploads\/2019\/03\/cedlabomber.jpg\" alt=\"\" width=\"1000\" height=\"625\" srcset=\"https:\/\/cedlabombe.fr\/wp-content\/uploads\/2019\/03\/cedlabomber.jpg 1000w, https:\/\/cedlabombe.fr\/wp-content\/uploads\/2019\/03\/cedlabomber-300x188.jpg 300w, https:\/\/cedlabombe.fr\/wp-content\/uploads\/2019\/03\/cedlabomber-768x480.jpg 768w\" sizes=\"(max-width: 767px) 89vw, (max-width: 1000px) 54vw, (max-width: 1071px) 543px, 580px\" \/><\/p>\n<p><a href=\"https:\/\/cedlabombe.fr\/wp-content\/uploads\/2025\/01\/homestudio25.jpg\"><img loading=\"lazy\" class=\"aligncenter size-large wp-image-521\" src=\"https:\/\/cedlabombe.fr\/wp-content\/uploads\/2025\/01\/homestudio25-1024x457.jpg\" alt=\"\" width=\"525\" height=\"234\" srcset=\"https:\/\/cedlabombe.fr\/wp-content\/uploads\/2025\/01\/homestudio25-1024x457.jpg 1024w, https:\/\/cedlabombe.fr\/wp-content\/uploads\/2025\/01\/homestudio25-300x134.jpg 300w, https:\/\/cedlabombe.fr\/wp-content\/uploads\/2025\/01\/homestudio25-768x343.jpg 768w, https:\/\/cedlabombe.fr\/wp-content\/uploads\/2025\/01\/homestudio25-1536x686.jpg 1536w, https:\/\/cedlabombe.fr\/wp-content\/uploads\/2025\/01\/homestudio25-2048x914.jpg 2048w\" sizes=\"(max-width: 525px) 100vw, 525px\" \/><\/a><\/p>\n","protected":false},"excerpt":{"rendered":"<p>Portail auto-h\u00e9berg\u00e9 vers 20 ans de pr\u00e9sence web Inventaire de vie depuis 2000 Ced 6tek, Activeast, Falcom, plusieurs blazes au gr\u00e9 du temps. Bienvenue chez oim puisque j&rsquo;h\u00e9berge cette page dans mon salon. Les petits plaisirs de l&rsquo;autonomie num\u00e9rique -relative- [2001-2011] Dix ans de collectif freetekno avec notre sound-syst\u00e8me Systematek &amp; des vinyles sur plusieurs &hellip; <\/p>\n<p class=\"link-more\"><a href=\"https:\/\/cedlabombe.fr\/\" class=\"more-link\">Continuer la lecture<span class=\"screen-reader-text\"> de &laquo;&nbsp;Bio&nbsp;&raquo;<\/span><\/a><\/p>\n","protected":false},"author":1,"featured_media":73,"parent":0,"menu_order":0,"comment_status":"closed","ping_status":"open","template":"","meta":[],"_links":{"self":[{"href":"https:\/\/cedlabombe.fr\/index.php?rest_route=\/wp\/v2\/pages\/2"}],"collection":[{"href":"https:\/\/cedlabombe.fr\/index.php?rest_route=\/wp\/v2\/pages"}],"about":[{"href":"https:\/\/cedlabombe.fr\/index.php?rest_route=\/wp\/v2\/types\/page"}],"author":[{"embeddable":true,"href":"https:\/\/cedlabombe.fr\/index.php?rest_route=\/wp\/v2\/users\/1"}],"replies":[{"embeddable":true,"href":"https:\/\/cedlabombe.fr\/index.php?rest_route=%2Fwp%2Fv2%2Fcomments&post=2"}],"version-history":[{"count":105,"href":"https:\/\/cedlabombe.fr\/index.php?rest_route=\/wp\/v2\/pages\/2\/revisions"}],"predecessor-version":[{"id":544,"href":"https:\/\/cedlabombe.fr\/index.php?rest_route=\/wp\/v2\/pages\/2\/revisions\/544"}],"wp:featuredmedia":[{"embeddable":true,"href":"https:\/\/cedlabombe.fr\/index.php?rest_route=\/wp\/v2\/media\/73"}],"wp:attachment":[{"href":"https:\/\/cedlabombe.fr\/index.php?rest_route=%2Fwp%2Fv2%2Fmedia&parent=2"}],"curies":[{"name":"wp","href":"https:\/\/api.w.org\/{rel}","templated":true}]}}